{"id":221,"date":"2024-03-26T15:02:18","date_gmt":"2024-03-26T14:02:18","guid":{"rendered":"http:\/\/laboutiquelecasierfrancais.fr\/?page_id=221"},"modified":"2024-04-22T10:27:11","modified_gmt":"2024-04-22T08:27:11","slug":"qui-sommes-nous","status":"publish","type":"page","link":"https:\/\/laboutiquelecasierfrancais.fr\/index.php\/qui-sommes-nous\/","title":{"rendered":"Qui-sommes-nous ?"},"content":{"rendered":"<div class=\"wpb-content-wrapper\">[vc_row equal_height=\u00a0\u00bbyes\u00a0\u00bb css=\u00a0\u00bb.vc_custom_1713774405029{margin-top: 3% !important;}\u00a0\u00bb][vc_column width=\u00a0\u00bb1\/2&Prime;][vc_single_image image=\u00a0\u00bb338&Prime; img_size=\u00a0\u00bbfull\u00a0\u00bb css=\u00a0\u00bb\u00a0\u00bb][\/vc_column][vc_column width=\u00a0\u00bb1\/2&Prime; css=\u00a0\u00bb.vc_custom_1713774424108{margin-top: 3% !important;}\u00a0\u00bb][vc_column_text css=\u00a0\u00bb\u00a0\u00bb]\n<h2>QUI SOMMES-NOUS\u00a0?<\/h2>\n<p>Combien de fois vous \u00eates-vous d\u00e9j\u00e0 dit \u00ab\u00a0J\u2019aimerais pouvoir consommer local sans que \u00e7a me co\u00fbte un bras\u00a0\u00bb\u00a0? On a tous en nous cette <strong>aspiration du bien manger et d\u2019une consommation responsable<\/strong> et de qualit\u00e9 au prix juste\u2026 Malheureusement, dans les faits, cela semble parfois incompatible et on se retrouve souvent oblig\u00e9 d\u2019aller \u00e0 la facilit\u00e9 et d\u2019acheter dans les supermarch\u00e9s en bafouant ses principes.<\/p>\n<p>C\u2019est en cherchant des solutions concr\u00e8tes pour <strong>promouvoir le circuit court<\/strong> en tenant compte des int\u00e9r\u00eats aussi bien du producteur que du consommateur que l\u2019id\u00e9e de <strong>casiers locaux et solidaires<\/strong> a germ\u00e9.[\/vc_column_text][\/vc_column][\/vc_row][vc_row][vc_column width=\u00a0\u00bb1\/2&Prime;][vc_column_text css=\u00a0\u00bb\u00a0\u00bb]\n<h3>Mais d\u2019o\u00f9 vient La Boutique, alors\u00a0?<\/h3>\n<p>La Boutique est une entit\u00e9 <strong>appartenant au Casier Fran\u00e7ais<\/strong>, fabricant et distributeur de casiers connect\u00e9s en France et \u00e0 l\u2019international. Situ\u00e9e dans les Hauts de France \u00e0 Templemars, l\u2019entreprise et ses 35 salari\u00e9s \u0153uvrent, chaque jour, pour faciliter le circuit court, encourager une consommation saine et responsable et r\u00e9duire les interm\u00e9diaires entre le producteur et le consommateur.<\/p>\n<p>Les \u00e9quipes du Casier Fran\u00e7ais ont eu l\u2019id\u00e9e alors d\u2019aller encore plus loin\u2026[\/vc_column_text][\/vc_column][vc_column width=\u00a0\u00bb1\/2&Prime;][vc_column_text css=\u00a0\u00bb\u00a0\u00bb]\n<h3>Un projet n\u00e9 pour redynamiser les territoires et promouvoir les producteurs r\u00e9gionaux<\/h3>\n<p>Alors, en 2021, <strong>Le Casier Fran\u00e7ais lance La Boutique par Le Casier Fran\u00e7ais<\/strong>, son propre point de vente\u00a0! Un module avec des dizaines de casiers r\u00e9frig\u00e9r\u00e9s dans lesquels on retrouve <strong>les meilleurs produits locaux de la r\u00e9gion<\/strong> des Hauts de France. La premi\u00e8re Boutique s\u2019ouvre \u00e0 Vendeville \u00e0 proximit\u00e9 imm\u00e9diate des locaux de l\u2019entreprise et rencontre vite son succ\u00e8s\u00a0![\/vc_column_text][\/vc_column][\/vc_row][vc_row][vc_column width=\u00a0\u00bb1\/2&Prime;][vc_column_text css=\u00a0\u00bb\u00a0\u00bb]\n<h3>Une \u00e9quipe d\u00e9di\u00e9e \u00e0 La Boutique au quotidien<\/h3>\n<p>Tr\u00e8s vite, une organisation se met en place et la Boutique par le Casier Fran\u00e7ais prend vie. Jordan, S\u00e9verine, Marine, dsfkb et qslfndn s\u2019occupent de <strong>l\u2019implantation<\/strong> des Boutiques et de <strong>leur gestion<\/strong>. Au quotidien, ils partent \u00e0 la rencontre des \u00e9lus pour trouver des endroits propices \u00e0 l\u2019installation de casiers, ils rencontrent les producteurs qui vous r\u00e9galeront, g\u00e8reront les stocks et aussi le service apr\u00e8s-vente. Ils mettent le c\u0153ur et l\u2019\u00e9nergie n\u00e9cessaires pour rendre cette <strong>exp\u00e9rience unique et savoureuse<\/strong> pour vous. Que d\u2019avantages pour le consommateur\u00a0:<br \/>\n&#8211; manger frais et local,<br \/>\n&#8211; conna\u00eetre l\u2019origine de ce qu\u2019il y a dans votre assiette,<br \/>\n&#8211; payer le juste prix,<br \/>\n&#8211; valoriser et mettre en lumi\u00e8re les bons produits de nos producteurs et artisans.[\/vc_column_text][\/vc_column][vc_column width=\u00a0\u00bb1\/2&Prime;][vc_single_image image=\u00a0\u00bb444&Prime; img_size=\u00a0\u00bbfull\u00a0\u00bb css=\u00a0\u00bb\u00a0\u00bb][\/vc_column][\/vc_row][vc_row][vc_column][vc_column_text css=\u00a0\u00bb\u00a0\u00bb]\n<h3>Longue vie \u00e0 La Boutique\u00a0!<\/h3>\n<p>Forte de son succ\u00e8s et de ses valeurs, La Boutique a encore de beaux jours devant elle \u00e0 l\u2019heure o\u00f9 la consommation se r\u00e9invente et o\u00f9 un retour \u00e0 l\u2019essentiel et aux produits bruts semble de mise. Nous continuerons \u00e0 entretenir des liens forts avec nos partenaires fonciers, nos artisans et producteurs ainsi qu\u2019avec nos consommateurs. Nos envies d\u2019agrandissement et de d\u00e9ploiement sont nombreuses pour donner <strong>l\u2019acc\u00e8s au commerce de proximit\u00e9 multi producteurs<\/strong> au plus grand nombre. En tout cas, au Casier Fran\u00e7ais, nous continuons de croire en ce beau projet et comptons encore et encore ouvrir des Boutiques sur tout le territoire avec un ma\u00eetre mot\u00a0: vous r\u00e9galer\u00a0![\/vc_column_text][\/vc_column][\/vc_row]\n<\/div>","protected":false},"excerpt":{"rendered":"<p>[vc_row equal_height=\u00a0\u00bbyes\u00a0\u00bb css=\u00a0\u00bb.vc_custom_1713774405029{margin-top: 3% !important;}\u00a0\u00bb][vc_column width=\u00a0\u00bb1\/2&Prime;][vc_single_image image=\u00a0\u00bb338&Prime; img_size=\u00a0\u00bbfull\u00a0\u00bb css=\u00a0\u00bb\u00a0\u00bb][\/vc_column][vc_column width=\u00a0\u00bb1\/2&Prime; css=\u00a0\u00bb.vc_custom_1713774424108{margin-top: 3% !important;}\u00a0\u00bb][vc_column_text css=\u00a0\u00bb\u00a0\u00bb] QUI SOMMES-NOUS\u00a0? Combien de fois vous \u00eates-vous d\u00e9j\u00e0 dit \u00ab\u00a0J\u2019aimerais pouvoir consommer local sans que \u00e7a&#8230;<\/p>\n","protected":false},"author":1,"featured_media":0,"parent":0,"menu_order":0,"comment_status":"closed","ping_status":"closed","template":"","meta":{"footnotes":""},"class_list":["post-221","page","type-page","status-publish"],"_links":{"self":[{"href":"https:\/\/laboutiquelecasierfrancais.fr\/index.php\/wp-json\/wp\/v2\/pages\/221","targetHints":{"allow":["GET"]}}],"collection":[{"href":"https:\/\/laboutiquelecasierfrancais.fr\/index.php\/wp-json\/wp\/v2\/pages"}],"about":[{"href":"https:\/\/laboutiquelecasierfrancais.fr\/index.php\/wp-json\/wp\/v2\/types\/page"}],"author":[{"embeddable":true,"href":"https:\/\/laboutiquelecasierfrancais.fr\/index.php\/wp-json\/wp\/v2\/users\/1"}],"replies":[{"embeddable":true,"href":"https:\/\/laboutiquelecasierfrancais.fr\/index.php\/wp-json\/wp\/v2\/comments?post=221"}],"version-history":[{"count":11,"href":"https:\/\/laboutiquelecasierfrancais.fr\/index.php\/wp-json\/wp\/v2\/pages\/221\/revisions"}],"predecessor-version":[{"id":452,"href":"https:\/\/laboutiquelecasierfrancais.fr\/index.php\/wp-json\/wp\/v2\/pages\/221\/revisions\/452"}],"wp:attachment":[{"href":"https:\/\/laboutiquelecasierfrancais.fr\/index.php\/wp-json\/wp\/v2\/media?parent=221"}],"curies":[{"name":"wp","href":"https:\/\/api.w.org\/{rel}","templated":true}]}}